{"id":19,"date":"2019-04-23T14:53:17","date_gmt":"2019-04-23T14:53:17","guid":{"rendered":"https:\/\/connectemlleida.cat\/noticies\/?page_id=19"},"modified":"2019-05-07T10:49:57","modified_gmt":"2019-05-07T10:49:57","slug":"noticies","status":"publish","type":"page","link":"https:\/\/connectemlleida.cat\/noticies\/","title":{"rendered":"Not\u00edcies"},"content":{"rendered":"<p>[et_pb_section fb_built=\u00bb1&#8243; _builder_version=\u00bb3.22.3&#8243; background_image=\u00bbhttps:\/\/connectemlleida.cat\/noticies\/wp-content\/uploads\/2019\/04\/background_connectem_lleida.jpg\u00bb][et_pb_row _builder_version=\u00bb3.22.3&#8243;][et_pb_column type=\u00bb1_3&#8243; _builder_version=\u00bb3.19.4&#8243;][\/et_pb_column][et_pb_column type=\u00bb1_3&#8243; _builder_version=\u00bb3.19.4&#8243;][et_pb_image src=\u00bbhttps:\/\/connectemlleida.cat\/noticies\/wp-content\/uploads\/2019\/04\/noticies.png\u00bb _builder_version=\u00bb3.19.4&#8243;][\/et_pb_image][\/et_pb_column][et_pb_column type=\u00bb1_3&#8243; _builder_version=\u00bb3.19.4&#8243;][\/et_pb_column][\/et_pb_row][\/et_pb_section][et_pb_section fb_built=\u00bb1&#8243; _builder_version=\u00bb3.22.3&#8243; background_color=\u00bb#f6f6f6&#8243;][et_pb_row module_class=\u00bb et_pb_row_fullwidth\u00bb _builder_version=\u00bb3.22.3&#8243; width=\u00bb89%\u00bb width_tablet=\u00bb80%\u00bb width_last_edited=\u00bbon|desktop\u00bb max_width=\u00bb89%\u00bb max_width_tablet=\u00bb80%\u00bb max_width_last_edited=\u00bbon|desktop\u00bb make_fullwidth=\u00bbon\u00bb][et_pb_column type=\u00bb4_4&#8243; _builder_version=\u00bb3.19.4&#8243;][et_pb_blog fullwidth=\u00bboff\u00bb posts_number=\u00bb50&#8243; include_categories=\u00bball\u00bb show_more=\u00bbon\u00bb show_author=\u00bboff\u00bb _builder_version=\u00bb3.22.7&#8243; header_font=\u00bbMontserrat|300|||||||\u00bb header_text_color=\u00bb#ba0c2f\u00bb header_font_size=\u00bb24px\u00bb body_font=\u00bbMontserrat|300|||||||\u00bb body_text_color=\u00bb#666666&#8243; body_font_size=\u00bb19px\u00bb meta_font=\u00bbMontserrat|300|||||||\u00bb meta_text_color=\u00bb666&#8243; meta_font_size=\u00bb13px\u00bb border_width_all=\u00bb0px\u00bb animation_style=\u00bbfade\u00bb box_shadow_color__hover_enabled=\u00bbon\u00bb box_shadow_color__hover=\u00bb#000000&#8243;][\/et_pb_blog][\/et_pb_column][\/et_pb_row][\/et_pb_section]<\/p>\n","protected":false},"excerpt":{"rendered":"","protected":false},"author":1,"featured_media":0,"parent":0,"menu_order":0,"comment_status":"closed","ping_status":"closed","template":"","meta":{"_et_pb_use_builder":"on","_et_pb_old_content":"","_et_gb_content_width":""},"yoast_head":"<!-- This site is optimized with the Yoast SEO plugin v20.4 - https:\/\/yoast.com\/wordpress\/plugins\/seo\/ -->\n<title>Not\u00edcies - Connectem Lleida<\/title>\n<meta name=\"description\" content=\"Les \u00faltimes not\u00edcies relacionades amb la candidatura a les eleccions a Cambra de Lleida: Connectem Lleida.\" \/>\n<meta name=\"robots\" content=\"index, follow, max-snippet:-1, max-image-preview:large, max-video-preview:-1\" \/>\n<link rel=\"canonical\" href=\"https:\/\/connectemlleida.cat\/noticies\/\" \/>\n<meta property=\"og:locale\" content=\"es_ES\" \/>\n<meta property=\"og:type\" content=\"article\" \/>\n<meta property=\"og:title\" content=\"Not\u00edcies - Connectem Lleida\" \/>\n<meta property=\"og:description\" content=\"Les \u00faltimes not\u00edcies relacionades amb la candidatura a les eleccions a Cambra de Lleida: Connectem Lleida.\" \/>\n<meta property=\"og:url\" content=\"https:\/\/connectemlleida.cat\/noticies\/\" \/>\n<meta property=\"og:site_name\" content=\"Connectem Lleida\" \/>\n<meta property=\"article:modified_time\" content=\"2019-05-07T10:49:57+00:00\" \/>\n<meta name=\"twitter:card\" content=\"summary_large_image\" \/>\n<meta name=\"twitter:label1\" content=\"Tiempo de lectura\" \/>\n\t<meta name=\"twitter:data1\" content=\"1 minuto\" \/>\n<script type=\"application\/ld+json\" class=\"yoast-schema-graph\">{\"@context\":\"https:\/\/schema.org\",\"@graph\":[{\"@type\":\"WebPage\",\"@id\":\"https:\/\/connectemlleida.cat\/noticies\/\",\"url\":\"https:\/\/connectemlleida.cat\/noticies\/\",\"name\":\"Not\u00edcies - Connectem Lleida\",\"isPartOf\":{\"@id\":\"https:\/\/connectemlleida.cat\/noticies\/#website\"},\"datePublished\":\"2019-04-23T14:53:17+00:00\",\"dateModified\":\"2019-05-07T10:49:57+00:00\",\"description\":\"Les \u00faltimes not\u00edcies relacionades amb la candidatura a les eleccions a Cambra de Lleida: Connectem Lleida.\",\"breadcrumb\":{\"@id\":\"https:\/\/connectemlleida.cat\/noticies\/#breadcrumb\"},\"inLanguage\":\"es\",\"potentialAction\":[{\"@type\":\"ReadAction\",\"target\":[\"https:\/\/connectemlleida.cat\/noticies\/\"]}]},{\"@type\":\"BreadcrumbList\",\"@id\":\"https:\/\/connectemlleida.cat\/noticies\/#breadcrumb\",\"itemListElement\":[{\"@type\":\"ListItem\",\"position\":1,\"name\":\"Portada\",\"item\":\"https:\/\/connectemlleida.cat\/noticies\/\"},{\"@type\":\"ListItem\",\"position\":2,\"name\":\"Not\u00edcies\"}]},{\"@type\":\"WebSite\",\"@id\":\"https:\/\/connectemlleida.cat\/noticies\/#website\",\"url\":\"https:\/\/connectemlleida.cat\/noticies\/\",\"name\":\"Connectem Lleida\",\"description\":\"Not\u00edcies\",\"potentialAction\":[{\"@type\":\"SearchAction\",\"target\":{\"@type\":\"EntryPoint\",\"urlTemplate\":\"https:\/\/connectemlleida.cat\/noticies\/?s={search_term_string}\"},\"query-input\":\"required name=search_term_string\"}],\"inLanguage\":\"es\"}]}<\/script>\n<!-- \/ Yoast SEO plugin. -->","yoast_head_json":{"title":"Not\u00edcies - Connectem Lleida","description":"Les \u00faltimes not\u00edcies relacionades amb la candidatura a les eleccions a Cambra de Lleida: Connectem Lleida.","robots":{"index":"index","follow":"follow","max-snippet":"max-snippet:-1","max-image-preview":"max-image-preview:large","max-video-preview":"max-video-preview:-1"},"canonical":"https:\/\/connectemlleida.cat\/noticies\/","og_locale":"es_ES","og_type":"article","og_title":"Not\u00edcies - Connectem Lleida","og_description":"Les \u00faltimes not\u00edcies relacionades amb la candidatura a les eleccions a Cambra de Lleida: Connectem Lleida.","og_url":"https:\/\/connectemlleida.cat\/noticies\/","og_site_name":"Connectem Lleida","article_modified_time":"2019-05-07T10:49:57+00:00","twitter_card":"summary_large_image","twitter_misc":{"Tiempo de lectura":"1 minuto"},"schema":{"@context":"https:\/\/schema.org","@graph":[{"@type":"WebPage","@id":"https:\/\/connectemlleida.cat\/noticies\/","url":"https:\/\/connectemlleida.cat\/noticies\/","name":"Not\u00edcies - Connectem Lleida","isPartOf":{"@id":"https:\/\/connectemlleida.cat\/noticies\/#website"},"datePublished":"2019-04-23T14:53:17+00:00","dateModified":"2019-05-07T10:49:57+00:00","description":"Les \u00faltimes not\u00edcies relacionades amb la candidatura a les eleccions a Cambra de Lleida: Connectem Lleida.","breadcrumb":{"@id":"https:\/\/connectemlleida.cat\/noticies\/#breadcrumb"},"inLanguage":"es","potentialAction":[{"@type":"ReadAction","target":["https:\/\/connectemlleida.cat\/noticies\/"]}]},{"@type":"BreadcrumbList","@id":"https:\/\/connectemlleida.cat\/noticies\/#breadcrumb","itemListElement":[{"@type":"ListItem","position":1,"name":"Portada","item":"https:\/\/connectemlleida.cat\/noticies\/"},{"@type":"ListItem","position":2,"name":"Not\u00edcies"}]},{"@type":"WebSite","@id":"https:\/\/connectemlleida.cat\/noticies\/#website","url":"https:\/\/connectemlleida.cat\/noticies\/","name":"Connectem Lleida","description":"Not\u00edcies","potentialAction":[{"@type":"SearchAction","target":{"@type":"EntryPoint","urlTemplate":"https:\/\/connectemlleida.cat\/noticies\/?s={search_term_string}"},"query-input":"required name=search_term_string"}],"inLanguage":"es"}]}},"_links":{"self":[{"href":"https:\/\/connectemlleida.cat\/noticies\/wp-json\/wp\/v2\/pages\/19"}],"collection":[{"href":"https:\/\/connectemlleida.cat\/noticies\/wp-json\/wp\/v2\/pages"}],"about":[{"href":"https:\/\/connectemlleida.cat\/noticies\/wp-json\/wp\/v2\/types\/page"}],"author":[{"embeddable":true,"href":"https:\/\/connectemlleida.cat\/noticies\/wp-json\/wp\/v2\/users\/1"}],"replies":[{"embeddable":true,"href":"https:\/\/connectemlleida.cat\/noticies\/wp-json\/wp\/v2\/comments?post=19"}],"version-history":[{"count":9,"href":"https:\/\/connectemlleida.cat\/noticies\/wp-json\/wp\/v2\/pages\/19\/revisions"}],"predecessor-version":[{"id":137,"href":"https:\/\/connectemlleida.cat\/noticies\/wp-json\/wp\/v2\/pages\/19\/revisions\/137"}],"wp:attachment":[{"href":"https:\/\/connectemlleida.cat\/noticies\/wp-json\/wp\/v2\/media?parent=19"}],"curies":[{"name":"wp","href":"https:\/\/api.w.org\/{rel}","templated":true}]}}